{"id":231,"date":"2017-01-24T15:37:58","date_gmt":"2017-01-24T06:37:58","guid":{"rendered":"http:\/\/www.np-k.co.jp\/day3\/?page_id=231"},"modified":"2022-03-30T08:58:10","modified_gmt":"2022-03-29T23:58:10","slug":"contactform2","status":"publish","type":"page","link":"https:\/\/www.np-k.co.jp\/day3\/contactform2\/","title":{"rendered":"\u898b\u5b66\u30fb\u4f53\u9a13\u3000"},"content":{"rendered":"<div id=\"contact01\">\n<div role=\"form\" class=\"wpcf7\" id=\"wpcf7-f230-o1\" lang=\"ja\" dir=\"ltr\">\n<div class=\"screen-reader-response\"><p role=\"status\" aria-live=\"polite\" aria-atomic=\"true\"><\/p> <ul><\/ul><\/div>\n<form action=\"\/day3\/wp-json\/wp\/v2\/pages\/231#wpcf7-f230-o1\" method=\"post\" class=\"wpcf7-form init\" novalidate=\"novalidate\" data-status=\"init\">\n<div style=\"display: none;\">\n<input type=\"hidden\" name=\"_wpcf7\" value=\"230\" \/>\n<input type=\"hidden\" name=\"_wpcf7_version\" value=\"5.5.6\" \/>\n<input type=\"hidden\" name=\"_wpcf7_locale\" value=\"ja\" \/>\n<input type=\"hidden\" name=\"_wpcf7_unit_tag\" value=\"wpcf7-f230-o1\" \/>\n<input type=\"hidden\" name=\"_wpcf7_container_post\" value=\"0\" \/>\n<input type=\"hidden\" name=\"_wpcf7_posted_data_hash\" value=\"\" \/>\n<\/div>\n<div id=\"contact01\">\n<table class=\"table table-bordered table-striped table-contactform7\">\n<tr>\n<th><span class=\"required-contactform7\">\u5fc5\u9808<\/span><span class=\"title-contactform7\">\u304a\u540d\u524d<\/span><\/th>\n<td><span class=\"wpcf7-form-control-wrap your-name\"><input type=\"text\" name=\"your-name\" value=\"\" size=\"40\" class=\"wpcf7-form-control wpcf7-text wpcf7-validates-as-required\" aria-required=\"true\" aria-invalid=\"false\" placeholder=\"\u4f8b\uff1a\u5c71\u7530\u3000\u592a\u90ce\" \/><\/span> <\/td>\n<\/tr>\n<tr>\n<th><span class=\"required-contactform7\">\u5fc5\u9808<\/span><span class=\"title-contactform7\">\u30e1\u30fc\u30eb\u30a2\u30c9\u30ec\u30b9<\/span><\/th>\n<td><span class=\"wpcf7-form-control-wrap your-email\"><input type=\"email\" name=\"your-email\" value=\"\" size=\"40\" class=\"wpcf7-form-control wpcf7-text wpcf7-email wpcf7-validates-as-required wpcf7-validates-as-email\" aria-required=\"true\" aria-invalid=\"false\" placeholder=\"\u4f8b\uff1a\u00d7\u00d7\u00d7@\u00d7\u00d7\u00d7.com\" \/><\/span><\/td>\n<\/tr>\n<tr>\n<th><span class=\"title-contactform7\">\u90f5\u4fbf\u756a\u53f7<\/span><\/th>\n<td><span class=\"wpcf7-form-control-wrap zip\"><input type=\"text\" name=\"zip\" value=\"\" size=\"40\" class=\"wpcf7-form-control wpcf7-text wpcf7-validates-as-required\" id=\"zip\" aria-required=\"true\" aria-invalid=\"false\" placeholder=\"\u4f8b\uff1a880-2303\" \/><\/span> <\/td>\n<\/tr>\n<tr>\n<th><span class=\"title-contactform7\">\u90fd\u9053\u5e9c\u770c<\/span><\/th>\n<td><span class=\"wpcf7-form-control-wrap pref\"><input type=\"text\" name=\"pref\" value=\"\" size=\"40\" class=\"wpcf7-form-control wpcf7-text wpcf7-validates-as-required\" id=\"pref\" aria-required=\"true\" aria-invalid=\"false\" placeholder=\"\u4f8b\uff1a\u5bae\u5d0e\u770c\" \/><\/span><\/td>\n<\/tr>\n<tr>\n<th><span class=\"title-contactform7\">\u3054\u4f4f\u6240<\/span><\/th>\n<td class=\"address-100\"><span class=\"wpcf7-form-control-wrap addr\"><input type=\"text\" name=\"addr\" value=\"\" size=\"40\" class=\"wpcf7-form-control wpcf7-text wpcf7-validates-as-required\" id=\"addr\" aria-required=\"true\" aria-invalid=\"false\" placeholder=\"\u4f8b\uff1a\u5bae\u5d0e\u5e02\u6052\u4e45\u753a\u3007\u3007\" \/><\/span><\/td>\n<\/tr>\n<tr>\n<th><span class=\"required-contactform7\">\u5fc5\u9808<\/span><span class=\"title-contactform7\">\u304a\u96fb\u8a71\u756a\u53f7<\/span><\/th>\n<td><span class=\"wpcf7-form-control-wrap text-17\"><input type=\"text\" name=\"text-17\" value=\"\" size=\"40\" class=\"wpcf7-form-control wpcf7-text wpcf7-validates-as-required\" aria-required=\"true\" aria-invalid=\"false\" placeholder=\"\u4f8b\uff1a0985-60-62\u203b\u203b\" \/><\/span><\/td>\n<\/tr>\n<tr>\n<th><span class=\"required-contactform7\">\u5fc5\u9808<\/span><span class=\"title-contactform7\">\u3054\u76f8\u8ac7\u5185\u5bb9<\/span><\/th>\n<td>\n     <span class=\"wpcf7-form-control-wrap radio-256\"><span class=\"wpcf7-form-control wpcf7-radio\"><span class=\"wpcf7-list-item first\"><label><input type=\"radio\" name=\"radio-256\" value=\"\u30b1\u30a2\u30db\u30fc\u30e0\u306e\u898b\u5b66\" \/><span class=\"wpcf7-list-item-label\">\u30b1\u30a2\u30db\u30fc\u30e0\u306e\u898b\u5b66<\/span><\/label><\/span><span class=\"wpcf7-list-item last\"><label><input type=\"radio\" name=\"radio-256\" value=\"\u30b1\u30a2\u30db\u30fc\u30e0\u306e\u4f53\u9a13\" \/><span class=\"wpcf7-list-item-label\">\u30b1\u30a2\u30db\u30fc\u30e0\u306e\u4f53\u9a13<\/span><\/label><\/span><\/span><\/span><br \/>\n<span class=\"wpcf7-form-control-wrap radio-256\"><span class=\"wpcf7-form-control wpcf7-radio\"><span class=\"wpcf7-list-item first\"><label><input type=\"radio\" name=\"radio-256\" value=\"\u30c7\u30a4\u30b5\u30fc\u30d3\u30b9\u306e\u898b\u5b66\" \/><span class=\"wpcf7-list-item-label\">\u30c7\u30a4\u30b5\u30fc\u30d3\u30b9\u306e\u898b\u5b66<\/span><\/label><\/span><span class=\"wpcf7-list-item last\"><label><input type=\"radio\" name=\"radio-256\" value=\"\u30c7\u30a4\u30b5\u30fc\u30d3\u30b9\u306e\u4f53\u9a13\" \/><span class=\"wpcf7-list-item-label\">\u30c7\u30a4\u30b5\u30fc\u30d3\u30b9\u306e\u4f53\u9a13<\/span><\/label><\/span><\/span><\/span>\n<\/td>\n<\/tr>\n<tr>\n<th><span class=\"required-contactform7\">\u5fc5\u9808<\/span><span class=\"title-contactform7\">\u30e1\u30c3\u30bb\u30fc\u30b8\u672c\u6587<\/span><\/th>\n<td class=\"message-100\"><span class=\"wpcf7-form-control-wrap your-message\"><textarea name=\"your-message\" cols=\"40\" rows=\"10\" class=\"wpcf7-form-control wpcf7-textarea wpcf7-validates-as-required\" aria-required=\"true\" aria-invalid=\"false\"><\/textarea><\/span><\/td>\n<\/tr>\n<\/table>\n<p class=\"text-xs-center\"><input type=\"submit\" value=\"\u9001\u4fe1\u3059\u308b\" class=\"wpcf7-form-control has-spinner wpcf7-submit btn btn-success btn-lg\" \/><\/p>\n<\/div>\n<p style=\"display: none !important;\"><label>&#916;<textarea name=\"_wpcf7_ak_hp_textarea\" cols=\"45\" rows=\"8\" maxlength=\"100\"><\/textarea><\/label><input type=\"hidden\" id=\"ak_js_1\" name=\"_wpcf7_ak_js\" value=\"141\"\/><script>document.getElementById( \"ak_js_1\" ).setAttribute( \"value\", ( new Date() ).getTime() );<\/script><\/p><div class=\"wpcf7-response-output\" aria-hidden=\"true\"><\/div><\/form><\/div><\/p>\n<p>\u5f53\u793e\u306f\u3001\u304a\u554f\u5408\u305b\u3001\u610f\u898b\u30fb\u611f\u60f3\u3092\u9802\u304f\u65b9\u306e\u500b\u4eba\u60c5\u5831\u3092\u614e\u91cd\u306b\u53d6\u308a\u6271\u3044\u307e\u3059\u3002 \u3054\u63d0\u4f9b\uff08\u767b\u9332\uff09\u3044\u305f\u3060\u3044\u305f\u500b\u4eba\u60c5\u5831\u306f\u3001\u304a\u554f\u5408\u305b\u5bfe\u5fdc\u306e\u305f\u3081\u3001\u307e\u305f\u306f\u610f\u898b\u30fb \u611f\u60f3\u5bfe\u5fdc\u306e\u76ee\u7684\u306b\u9650\u5b9a\u3057\u3066\u5229\u7528\u3055\u305b\u3066\u9802\u304d\u307e\u3059\u3002\n<\/p>\n<\/div>\n","protected":false},"excerpt":{"rendered":"<p>\u5f53\u793e\u306f\u3001\u304a\u554f\u5408\u305b\u3001\u610f\u898b\u30fb\u611f\u60f3\u3092\u9802\u304f\u65b9\u306e\u500b\u4eba\u60c5\u5831\u3092\u614e\u91cd\u306b\u53d6\u308a\u6271\u3044\u307e\u3059\u3002 \u3054\u63d0\u4f9b\uff08\u767b\u9332\uff09\u3044\u305f\u3060\u3044\u305f\u500b\u4eba\u60c5\u5831\u306f\u3001\u304a\u554f\u5408\u305b\u5bfe\u5fdc\u306e\u305f\u3081\u3001\u307e\u305f\u306f\u610f\u898b\u30fb \u611f\u60f3\u5bfe\u5fdc\u306e\u76ee\u7684\u306b\u9650\u5b9a\u3057\u3066\u5229\u7528\u3055\u305b\u3066\u9802\u304d\u307e\u3059\u3002<\/p>\n","protected":false},"author":1,"featured_media":0,"parent":0,"menu_order":0,"comment_status":"closed","ping_status":"closed","template":"","meta":{"vkexunit_cta_each_option":""},"_links":{"self":[{"href":"https:\/\/www.np-k.co.jp\/day3\/wp-json\/wp\/v2\/pages\/231"}],"collection":[{"href":"https:\/\/www.np-k.co.jp\/day3\/wp-json\/wp\/v2\/pages"}],"about":[{"href":"https:\/\/www.np-k.co.jp\/day3\/wp-json\/wp\/v2\/types\/page"}],"author":[{"embeddable":true,"href":"https:\/\/www.np-k.co.jp\/day3\/wp-json\/wp\/v2\/users\/1"}],"replies":[{"embeddable":true,"href":"https:\/\/www.np-k.co.jp\/day3\/wp-json\/wp\/v2\/comments?post=231"}],"version-history":[{"count":2,"href":"https:\/\/www.np-k.co.jp\/day3\/wp-json\/wp\/v2\/pages\/231\/revisions"}],"predecessor-version":[{"id":1354,"href":"https:\/\/www.np-k.co.jp\/day3\/wp-json\/wp\/v2\/pages\/231\/revisions\/1354"}],"wp:attachment":[{"href":"https:\/\/www.np-k.co.jp\/day3\/wp-json\/wp\/v2\/media?parent=231"}],"curies":[{"name":"wp","href":"https:\/\/api.w.org\/{rel}","templated":true}]}}