{"id":225,"date":"2017-09-05T17:40:25","date_gmt":"2017-09-05T08:40:25","guid":{"rendered":"http:\/\/www.np-k.co.jp\/wine\/?page_id=225"},"modified":"2020-05-18T10:56:42","modified_gmt":"2020-05-18T01:56:42","slug":"contactform","status":"publish","type":"page","link":"https:\/\/www.np-k.co.jp\/wine\/contactform\/","title":{"rendered":"\u304a\u554f\u3044\u5408\u308f\u305b"},"content":{"rendered":"<div id=\"wine21\">\n<div class=\"wine9\">\n<div class=\"wine30\"><br \/><br \/><br \/><\/div>\n<\/div>\n<\/div>\n\n\n<p>\u5c0f\u6797\u751f\u99d2\u9ad8\u539f\u8461\u8404\u9152\u5de5\u623f<\/p>\n\n<p>\u3010\u6240\u5728\u5730\u3011 \u5bae\u5d0e\u770c\u5c0f\u6797\u5e02\u5357\u897f\u65b98565-7\n\n\u3010\u9023\u7d61\u5148\u3011 \u21210984-25-2662<\/p>\n\n\n\n<p>\u203b\u898b\u5b66\u30fb\u8996\u5bdf\u3001\u304a\u554f\u5408\u305b\u306b\u95a2\u3057\u307e\u3057\u3066\u306f\u3001\u4ee5\u4e0b\u306e\u30d5\u30a9\u30fc\u30e0\u306b\u3066\u30e1\u30fc\u30eb\u3057\u3066\u3044\u305f\u3060\u304f\u304b\n\u4e0a\u8a18\u9023\u7d61\u5148\u307e\u3067\u304a\u96fb\u8a71\u306b\u3066\u304a\u554f\u3044\u5408\u308f\u305b\u4e0b\u3055\u3044\u3002<\/p>\n\n\n\n<br \/>\n<p>\u3010\u304a\u554f\u5408\u305b\u30e1\u30fc\u30eb\u3092\u9001\u3089\u308c\u308b\u304a\u5ba2\u69d8\u3078\u306e\u304a\u9858\u3044\u3011 \n \n\n\u304a\u5ba2\u69d8\u306e\u30e1\u30fc\u30eb\u30bd\u30d5\u30c8\u3067\u53d7\u4fe1\u62d2\u5426\u8a2d\u5b9a\u3055\u308c\u3066\u3044\u308b\u5834\u5408\u3084\u3001\u8ff7\u60d1\u30d5\u30a9\u30eb\u30c0\u3078\u81ea\u52d5\u632f\u308a\u5206\u3051\u3055\u308c\u308b\u8a2d\u5b9a\u306b\u306a\u3063\u3066\u3044\u308b\u5834\u5408\u3001\u5f0a\u793e\u304b\u3089\u306e\u8fd4\u4fe1\u304c\u5c4a\u304b\u306a\u3044\u5834\u5408\u304c\u3042\u308a\u307e\u3059\u3002\n\n\u304a\u554f\u3044\u5408\u308f\u305b\u3055\u308c\u308b\u969b\u3001\u5f0a\u793e\u304b\u3089\u306e\u30e1\u30fc\u30eb\u3092\u53d7\u4fe1\u3067\u304d\u308b\u3088\u3046\u306b\u8a2d\u5b9a\u3092\u884c\u3063\u3066\u304f\u3060\u3055\u3044\u3002\n\n<\/p>\n\n\n\n<div class=\"wpcf7 no-js\" id=\"wpcf7-f227-o1\" lang=\"ja\" dir=\"ltr\" data-wpcf7-id=\"227\">\n<div class=\"screen-reader-response\"><p role=\"status\" aria-live=\"polite\" aria-atomic=\"true\"><\/p> <ul><\/ul><\/div>\n<form action=\"\/wine\/wp-json\/wp\/v2\/pages\/225#wpcf7-f227-o1\" method=\"post\" class=\"wpcf7-form init\" aria-label=\"\u30b3\u30f3\u30bf\u30af\u30c8\u30d5\u30a9\u30fc\u30e0\" novalidate=\"novalidate\" data-status=\"init\">\n<fieldset class=\"hidden-fields-container\"><input type=\"hidden\" name=\"_wpcf7\" value=\"227\" \/><input type=\"hidden\" name=\"_wpcf7_version\" value=\"6.1.5\" \/><input type=\"hidden\" name=\"_wpcf7_locale\" value=\"ja\" \/><input type=\"hidden\" name=\"_wpcf7_unit_tag\" value=\"wpcf7-f227-o1\" \/><input type=\"hidden\" name=\"_wpcf7_container_post\" value=\"0\" \/><input type=\"hidden\" name=\"_wpcf7_posted_data_hash\" value=\"\" \/><input type=\"hidden\" name=\"_wpcf7_recaptcha_response\" value=\"\" \/>\n<\/fieldset>\n<div id=\"contact01\">\n\t<table class=\"table table-bordered table-striped table-contactform7\">\n\t\t<tr>\n\t\t\t<th>\n\t\t\t\t<p><span class=\"required-contactform7\">\u5fc5\u9808<\/span><span class=\"title-contactform7\">\u304a\u540d\u524d<\/span>\n\t\t\t\t<\/p>\n\t\t\t<\/th>\n\t\t\t<td>\n\t\t\t\t<p><span class=\"wpcf7-form-control-wrap\" data-name=\"your-name\"><input size=\"40\" maxlength=\"400\" class=\"wpcf7-form-control wpcf7-text wpcf7-validates-as-required\" aria-required=\"true\" aria-invalid=\"false\" placeholder=\"\u4f8b\uff1a\u5c71\u7530\u3000\u592a\u90ce\" value=\"\" type=\"text\" name=\"your-name\" \/><\/span>\n\t\t\t\t<\/p>\n\t\t\t<\/td>\n\t\t<\/tr>\n\t\t<tr>\n\t\t\t<th>\n\t\t\t\t<p><span class=\"required-contactform7\">\u5fc5\u9808<\/span><span class=\"title-contactform7\">\u30e1\u30fc\u30eb\u30a2\u30c9\u30ec\u30b9<\/span>\n\t\t\t\t<\/p>\n\t\t\t<\/th>\n\t\t\t<td>\n\t\t\t\t<p><span class=\"wpcf7-form-control-wrap\" data-name=\"your-email\"><input size=\"40\" maxlength=\"400\" class=\"wpcf7-form-control wpcf7-email wpcf7-validates-as-required wpcf7-text wpcf7-validates-as-email\" aria-required=\"true\" aria-invalid=\"false\" placeholder=\"\u4f8b\uff1a\u00d7\u00d7\u00d7@\u00d7\u00d7\u00d7.com\" value=\"\" type=\"email\" name=\"your-email\" \/><\/span>\n\t\t\t\t<\/p>\n\t\t\t<\/td>\n\t\t<\/tr>\n\t\t<tr>\n\t\t\t<th>\n\t\t\t\t<p><span class=\"required-contactform7\">\u78ba\u8a8d<\/span><span class=\"title-contactform7\">\u30e1\u30fc\u30eb\u30a2\u30c9\u30ec\u30b9<\/span>\n\t\t\t\t<\/p>\n\t\t\t<\/th>\n\t\t\t<td>\n\t\t\t\t<p><span class=\"wpcf7-form-control-wrap\" data-name=\"your-email-confirm\"><input size=\"40\" maxlength=\"400\" class=\"wpcf7-form-control wpcf7-email wpcf7-validates-as-required wpcf7-text wpcf7-validates-as-email\" aria-required=\"true\" aria-invalid=\"false\" value=\"\" type=\"email\" name=\"your-email-confirm\" \/><\/span><span style=\"font-size:0.8em\">\u203b\u78ba\u8a8d\u306e\u305f\u3081\u518d\u5ea6\u30e1\u30fc\u30eb\u30a2\u30c9\u30ec\u30b9\u3092\u3054\u5165\u529b\u304f\u3060\u3055\u3044<\/span>\n\t\t\t\t<\/p>\n\t\t\t<\/td>\n\t\t<\/tr>\n\t\t<tr>\n\t\t\t<th>\n\t\t\t\t<p><span class=\"title-contactform7\">&emsp;&emsp;&emsp;\u90f5\u4fbf\u756a\u53f7<\/span>\n\t\t\t\t<\/p>\n\t\t\t<\/th>\n\t\t\t<td>\n\t\t\t\t<p><span class=\"wpcf7-form-control-wrap\" data-name=\"zip\"><input size=\"40\" maxlength=\"400\" class=\"wpcf7-form-control wpcf7-text\" id=\"zip\" aria-invalid=\"false\" placeholder=\"\u4f8b\uff1a880-2303\" value=\"\" type=\"text\" name=\"zip\" \/><\/span>\n\t\t\t\t<\/p>\n\t\t\t<\/td>\n\t\t<\/tr>\n\t\t<tr>\n\t\t\t<th>\n\t\t\t\t<p><span class=\"title-contactform7\">&emsp;&emsp;&emsp;\u90fd\u9053\u5e9c\u770c<\/span>\n\t\t\t\t<\/p>\n\t\t\t<\/th>\n\t\t\t<td>\n\t\t\t\t<p><span class=\"wpcf7-form-control-wrap\" data-name=\"pref\"><input size=\"40\" maxlength=\"400\" class=\"wpcf7-form-control wpcf7-text\" id=\"pref\" aria-invalid=\"false\" placeholder=\"\u4f8b\uff1a\u5bae\u5d0e\u770c\" value=\"\" type=\"text\" name=\"pref\" \/><\/span>\n\t\t\t\t<\/p>\n\t\t\t<\/td>\n\t\t<\/tr>\n\t\t<tr>\n\t\t\t<th>\n\t\t\t\t<p><span class=\"title-contactform7\">&emsp;&emsp;&emsp;\u3054\u4f4f\u6240<\/span>\n\t\t\t\t<\/p>\n\t\t\t<\/th>\n\t\t\t<td class=\"address-100\">\n\t\t\t\t<p><span class=\"wpcf7-form-control-wrap\" data-name=\"addr\"><input size=\"40\" maxlength=\"400\" class=\"wpcf7-form-control wpcf7-text\" id=\"addr\" aria-invalid=\"false\" placeholder=\"\u4f8b\uff1a\u5bae\u5d0e\u5e02\u5409\u6751\u753a\u3007\u3007\" value=\"\" type=\"text\" name=\"addr\" \/><\/span>\n\t\t\t\t<\/p>\n\t\t\t<\/td>\n\t\t<\/tr>\n\t\t<tr>\n\t\t\t<th>\n\t\t\t\t<p><span class=\"required-contactform7\">\u5fc5\u9808<\/span><span class=\"title-contactform7\">\u304a\u96fb\u8a71\u756a\u53f7<\/span>\n\t\t\t\t<\/p>\n\t\t\t<\/th>\n\t\t\t<td>\n\t\t\t\t<p><span class=\"wpcf7-form-control-wrap\" data-name=\"tel-759\"><input size=\"40\" maxlength=\"400\" class=\"wpcf7-form-control wpcf7-tel wpcf7-validates-as-required wpcf7-text wpcf7-validates-as-tel\" aria-required=\"true\" aria-invalid=\"false\" placeholder=\"\u4f8b\uff1a0985-60-62\u203b\u203b\" value=\"\" type=\"tel\" name=\"tel-759\" \/><\/span>\n\t\t\t\t<\/p>\n\t\t\t<\/td>\n\t\t<\/tr>\n\t\t<tr>\n\t\t\t<th>\n\t\t\t\t<p><span class=\"required-contactform7\">\u5fc5\u9808<\/span><span class=\"title-contactform7\">\u304a\u554f\u5408\u305b\u5185\u5bb9<\/span>\n\t\t\t\t<\/p>\n\t\t\t<\/th>\n\t\t\t<td>\n\t\t\t\t<p><span class=\"wpcf7-form-control-wrap\" data-name=\"text-17\"><input size=\"40\" maxlength=\"400\" class=\"wpcf7-form-control wpcf7-text wpcf7-validates-as-required\" aria-required=\"true\" aria-invalid=\"false\" placeholder=\"\u4f8b\uff1a\u30ef\u30a4\u30f3\u306e\u8cfc\u5165\u306b\u3064\u3044\u3066\" value=\"\" type=\"text\" name=\"text-17\" \/><\/span>\n\t\t\t\t<\/p>\n\t\t\t<\/td>\n\t\t<\/tr>\n\t\t<tr>\n\t\t\t<th>\n\t\t\t\t<p><span class=\"required-contactform7\">\u5fc5\u9808<\/span><span class=\"title-contactform7\">\u304a\u554f\u5408\u305b\u5185\u5bb9\u8a73\u7d30<\/span>\n\t\t\t\t<\/p>\n\t\t\t<\/th>\n\t\t\t<td class=\"message-100\">\n\t\t\t\t<p><span class=\"wpcf7-form-control-wrap\" data-name=\"your-message\"><textarea cols=\"40\" rows=\"10\" maxlength=\"2000\" class=\"wpcf7-form-control wpcf7-textarea wpcf7-validates-as-required\" aria-required=\"true\" aria-invalid=\"false\" placeholder=\"\" name=\"your-message\"><\/textarea><\/span>\n\t\t\t\t<\/p>\n\t\t\t<\/td>\n\t\t<\/tr>\n\t\t<tr>\n\t\t\t<th>\n\t\t\t\t<p><span class=\"required\">\u5fc5\u9808<\/span> \u753b\u50cf\u8a8d\u8a3c <input type=\"hidden\" name=\"_wpcf7_captcha_challenge_captcha-301\" value=\"559926979\" \/><img decoding=\"async\" class=\"wpcf7-form-control wpcf7-captchac wpcf7-captcha-captcha-301\" width=\"72\" height=\"24\" alt=\"captcha\" src=\"https:\/\/www.np-k.co.jp\/wine\/wp-content\/uploads\/wpcf7_captcha\/559926979.png\" \/>\n\t\t\t\t<\/p>\n\t\t\t<\/th>\n\t\t\t<td>\n\t\t\t\t<p><span class=\"wpcf7-form-control-wrap\" data-name=\"captcha-301\"><input size=\"40\" class=\"wpcf7-form-control wpcf7-captchar\" autocomplete=\"off\" aria-invalid=\"false\" placeholder=\"\u82f1\u6570\u5b574\u6587\u5b57\u3092\u5165\u529b\" value=\"\" type=\"text\" name=\"captcha-301\" \/><\/span>\n\t\t\t\t<\/p>\n\t\t\t<\/td>\n\t\t<\/tr>\n\t\t<tr>\n\t\t\t<th class=\"empty\">\n\t\t\t\t<p>&nbsp;\n\t\t\t\t<\/p>\n\t\t\t<\/th>\n\t\t\t<td>\n\t\t\t\t<p><span class=\"wpcf7-form-control-wrap\" data-name=\"acceptance-001\"><span class=\"wpcf7-form-control wpcf7-acceptance\"><span class=\"wpcf7-list-item\"><label><input type=\"checkbox\" name=\"acceptance-001\" value=\"1\" aria-invalid=\"false\" \/><span class=\"wpcf7-list-item-label\">\u5229\u7528\u898f\u7d04\u306b\u540c\u610f\u3057\u307e\u3059\u3002<\/span><\/label><\/span><\/span><\/span>\n\t\t\t\t<\/p>\n\t\t\t<\/td>\n\t\t<\/tr>\n\t<\/table>\n\t<p class=\"text-xs-center\"><input class=\"wpcf7-form-control wpcf7-submit has-spinner btndayo\" type=\"submit\" value=\"\u9001\u4fe1\u3059\u308b\" \/>\n\t<\/p>\n<\/div><div class=\"wpcf7-response-output\" aria-hidden=\"true\"><\/div>\n<\/form>\n<\/div>\n\n","protected":false},"excerpt":{"rendered":"<p>\u5c0f\u6797\u751f\u99d2\u9ad8\u539f\u8461\u8404\u9152\u5de5\u623f \u3010\u6240\u5728\u5730\u3011 \u5bae\u5d0e\u770c\u5c0f\u6797\u5e02\u5357\u897f\u65b98565-7 \u3010\u9023\u7d61\u5148\u3011 \u21210984-25-2<span class=\"more-link\"><a href=\"https:\/\/www.np-k.co.jp\/wine\/contactform\/\">\u3082\u3063\u3068\u898b\u308b\u2192<\/a><\/span><\/p>\n","protected":false},"author":1,"featured_media":0,"parent":0,"menu_order":0,"comment_status":"closed","ping_status":"closed","template":"","meta":{"footnotes":""},"class_list":["entry","author-kikwine","post-225","page","type-page","status-publish"],"aioseo_notices":[],"_links":{"self":[{"href":"https:\/\/www.np-k.co.jp\/wine\/wp-json\/wp\/v2\/pages\/225","targetHints":{"allow":["GET"]}}],"collection":[{"href":"https:\/\/www.np-k.co.jp\/wine\/wp-json\/wp\/v2\/pages"}],"about":[{"href":"https:\/\/www.np-k.co.jp\/wine\/wp-json\/wp\/v2\/types\/page"}],"author":[{"embeddable":true,"href":"https:\/\/www.np-k.co.jp\/wine\/wp-json\/wp\/v2\/users\/1"}],"replies":[{"embeddable":true,"href":"https:\/\/www.np-k.co.jp\/wine\/wp-json\/wp\/v2\/comments?post=225"}],"version-history":[{"count":20,"href":"https:\/\/www.np-k.co.jp\/wine\/wp-json\/wp\/v2\/pages\/225\/revisions"}],"predecessor-version":[{"id":2462,"href":"https:\/\/www.np-k.co.jp\/wine\/wp-json\/wp\/v2\/pages\/225\/revisions\/2462"}],"wp:attachment":[{"href":"https:\/\/www.np-k.co.jp\/wine\/wp-json\/wp\/v2\/media?parent=225"}],"curies":[{"name":"wp","href":"https:\/\/api.w.org\/{rel}","templated":true}]}}