{"id":2428,"date":"2020-05-01T14:43:47","date_gmt":"2020-05-01T05:43:47","guid":{"rendered":"https:\/\/www.np-k.co.jp\/wine\/?page_id=2428"},"modified":"2026-03-16T11:46:46","modified_gmt":"2026-03-16T02:46:46","slug":"ordermail","status":"publish","type":"page","link":"https:\/\/www.np-k.co.jp\/wine\/ordermail\/","title":{"rendered":"\u5546\u54c1\u6ce8\u6587\u30d5\u30a9\u30fc\u30e0"},"content":{"rendered":"<p>\u5546\u54c1\u306e\u3054\u8cfc\u5165\u3054\u5e0c\u671b\u306e\u65b9\u306f\u4ee5\u4e0b\u306e\u30d5\u30a9\u30fc\u30e0\u306b\u5165\u529b\u3057\u3066\u9001\u4fe1\u30dc\u30bf\u30f3\u3092\u62bc\u3057\u3066\u304f\u3060\u3055\u3044\u3002<br \/>\n\u5408\u8a08\u91d1\u984d\u3068\u632f\u8fbc\u5148\u3092\u8a18\u8f09\u3057\u305f\u78ba\u8a8d\u30e1\u30fc\u30eb\u3092\u5dee\u3057\u4e0a\u3052\u307e\u3059\u3002<br \/>\n\u5546\u54c1\u306f\u3054\u5165\u91d1\u78ba\u8a8d\u5f8c\u306b\u9001\u4ed8\u3055\u305b\u3066\u3044\u305f\u3060\u304d\u307e\u3059\u306e\u3067\u3054\u4e86\u627f\u304f\u3060\u3055\u3044\u307e\u305b\u3002<br \/>\n\n<div class=\"wpcf7 no-js\" id=\"wpcf7-f2712-o1\" lang=\"ja\" dir=\"ltr\" data-wpcf7-id=\"2712\">\n<div class=\"screen-reader-response\"><p role=\"status\" aria-live=\"polite\" aria-atomic=\"true\"><\/p> <ul><\/ul><\/div>\n<form action=\"\/wine\/wp-json\/wp\/v2\/pages\/2428#wpcf7-f2712-o1\" method=\"post\" class=\"wpcf7-form init\" aria-label=\"\u30b3\u30f3\u30bf\u30af\u30c8\u30d5\u30a9\u30fc\u30e0\" novalidate=\"novalidate\" data-status=\"init\">\n<fieldset class=\"hidden-fields-container\"><input type=\"hidden\" name=\"_wpcf7\" value=\"2712\" \/><input type=\"hidden\" name=\"_wpcf7_version\" value=\"6.1.5\" \/><input type=\"hidden\" name=\"_wpcf7_locale\" value=\"ja\" \/><input type=\"hidden\" name=\"_wpcf7_unit_tag\" value=\"wpcf7-f2712-o1\" \/><input type=\"hidden\" name=\"_wpcf7_container_post\" value=\"0\" \/><input type=\"hidden\" name=\"_wpcf7_posted_data_hash\" value=\"\" \/><input type=\"hidden\" name=\"_wpcf7_recaptcha_response\" value=\"\" \/>\n<\/fieldset>\n<div id=\"cf-tbl\">\n\t<table class=\"CF7_table\">\n\t\t<tr>\n\t\t\t<th>\n\t\t\t\t<p><span class=\"CF7_req\">\u5fc5\u9808<\/span><br \/>\n\u304a\u540d\u524d\n\t\t\t\t<\/p>\n\t\t\t<\/th>\n\t\t\t<td>\n\t\t\t\t<p><span class=\"wpcf7-form-control-wrap\" data-name=\"your-name\"><input size=\"40\" maxlength=\"400\" class=\"wpcf7-form-control wpcf7-text wpcf7-validates-as-required\" aria-required=\"true\" aria-invalid=\"false\" placeholder=\"\u4f8b\uff1a\u5c71\u7530\u3000\u592a\u90ce\" value=\"\" type=\"text\" name=\"your-name\" \/><\/span>\n\t\t\t\t<\/p>\n\t\t\t<\/td>\n\t\t<\/tr>\n\t\t<tr>\n\t\t\t<th>\n\t\t\t\t<p><span class=\"CF7_req\">\u5fc5\u9808<\/span><br \/>\n\u30e1\u30fc\u30eb\u30a2\u30c9\u30ec\u30b9\n\t\t\t\t<\/p>\n\t\t\t<\/th>\n\t\t\t<td>\n\t\t\t\t<p><span class=\"wpcf7-form-control-wrap\" data-name=\"your-email\"><input size=\"40\" maxlength=\"400\" class=\"wpcf7-form-control wpcf7-email wpcf7-validates-as-required wpcf7-text wpcf7-validates-as-email\" aria-required=\"true\" aria-invalid=\"false\" placeholder=\"\u4f8b\uff1a\u00d7\u00d7\u00d7@\u00d7\u00d7\u00d7.com\" value=\"\" type=\"email\" name=\"your-email\" \/><\/span>\n\t\t\t\t<\/p>\n\t\t\t<\/td>\n\t\t<\/tr>\n\t\t<tr>\n\t\t\t<th>\n\t\t\t\t<p><span class=\"CF7_req\">\u78ba\u8a8d<\/span><br \/>\n\u30e1\u30fc\u30eb\u30a2\u30c9\u30ec\u30b9\n\t\t\t\t<\/p>\n\t\t\t<\/th>\n\t\t\t<td>\n\t\t\t\t<p><span class=\"wpcf7-form-control-wrap\" data-name=\"your-email-confirm\"><input size=\"40\" maxlength=\"400\" class=\"wpcf7-form-control wpcf7-email wpcf7-validates-as-required wpcf7-text wpcf7-validates-as-email\" aria-required=\"true\" aria-invalid=\"false\" value=\"\" type=\"email\" name=\"your-email-confirm\" \/><\/span><br \/>\n<span style=\"font-size:0.8em\">\u203b\u78ba\u8a8d\u306e\u305f\u3081\u518d\u5ea6\u30e1\u30fc\u30eb\u30a2\u30c9\u30ec\u30b9\u3092\u3054\u5165\u529b\u304f\u3060\u3055\u3044<\/span>\n\t\t\t\t<\/p>\n\t\t\t<\/td>\n\t\t<\/tr>\n\t\t<tr>\n\t\t\t<th>\n\t\t\t\t<p><span class=\"CF7_req\">\u5fc5\u9808<\/span><br \/>\n\u90f5\u4fbf\u756a\u53f7\n\t\t\t\t<\/p>\n\t\t\t<\/th>\n\t\t\t<td>\n\t\t\t\t<p><span class=\"wpcf7-form-control-wrap\" data-name=\"zip\"><input size=\"40\" maxlength=\"400\" class=\"wpcf7-form-control wpcf7-text wpcf7-validates-as-required\" id=\"zip\" aria-required=\"true\" aria-invalid=\"false\" placeholder=\"\u4f8b\uff1a880-2303\" value=\"\" type=\"text\" name=\"zip\" \/><\/span>\n\t\t\t\t<\/p>\n\t\t\t<\/td>\n\t\t<\/tr>\n\t\t<tr>\n\t\t\t<th>\n\t\t\t\t<p><span class=\"CF7_req\">\u5fc5\u9808<\/span><br \/>\n\u90fd\u9053\u5e9c\u770c\n\t\t\t\t<\/p>\n\t\t\t<\/th>\n\t\t\t<td>\n\t\t\t\t<p><span class=\"wpcf7-form-control-wrap\" data-name=\"pref\"><input size=\"40\" maxlength=\"400\" class=\"wpcf7-form-control wpcf7-text wpcf7-validates-as-required\" id=\"pref\" aria-required=\"true\" aria-invalid=\"false\" placeholder=\"\u4f8b\uff1a\u5bae\u5d0e\u770c\" value=\"\" type=\"text\" name=\"pref\" \/><\/span>\n\t\t\t\t<\/p>\n\t\t\t<\/td>\n\t\t<\/tr>\n\t\t<tr>\n\t\t\t<th>\n\t\t\t\t<p><span class=\"CF7_req\">\u5fc5\u9808<\/span><br \/>\n\u3054\u4f4f\u6240\n\t\t\t\t<\/p>\n\t\t\t<\/th>\n\t\t\t<td class=\"address-100\">\n\t\t\t\t<p><span class=\"wpcf7-form-control-wrap\" data-name=\"addr\"><input size=\"40\" maxlength=\"400\" class=\"wpcf7-form-control wpcf7-text wpcf7-validates-as-required\" id=\"addr\" aria-required=\"true\" aria-invalid=\"false\" placeholder=\"\u4f8b\uff1a\u5bae\u5d0e\u5e02\u5409\u6751\u753a\u3007\u3007\" value=\"\" type=\"text\" name=\"addr\" \/><\/span>\n\t\t\t\t<\/p>\n\t\t\t<\/td>\n\t\t<\/tr>\n\t\t<tr>\n\t\t\t<th>\n\t\t\t\t<p><span class=\"CF7_req\">\u5fc5\u9808<\/span><br \/>\n\u304a\u96fb\u8a71\u756a\u53f7\n\t\t\t\t<\/p>\n\t\t\t<\/th>\n\t\t\t<td>\n\t\t\t\t<p><span class=\"wpcf7-form-control-wrap\" data-name=\"text-17\"><input size=\"40\" maxlength=\"400\" class=\"wpcf7-form-control wpcf7-text wpcf7-validates-as-required\" aria-required=\"true\" aria-invalid=\"false\" placeholder=\"\u4f8b\uff1a0985-60-62\u203b\u203b\" value=\"\" type=\"text\" name=\"text-17\" \/><\/span>\n\t\t\t\t<\/p>\n\t\t\t<\/td>\n\t\t<\/tr>\n\t\t<tr>\n\t\t\t<th>\n\t\t\t\t<p><span class=\"CF7_req\">\u5fc5\u9808<\/span><br \/>\n\u3054\u6ce8\u6587\u5185\u5bb9\n\t\t\t\t<\/p>\n\t\t\t<\/th>\n\t\t\t<td>\n\t\t\t\t<p><span style=\"text-decoration: underline\">\u8cfc\u5165\u5e0c\u671b\u5546\u54c1\u306e\u6570\u91cf\u3092\u304a\u9078\u3073\u304f\u3060\u3055\u3044\u3002<\/span>\n\t\t\t\t<\/p>\n\t\t\t\t<p>\uff11\uff0e\u751f\u99d2\u9ad8\u539f\u3000\u30ab\u30d9\u30eb\u30cd\u30fb\u30d5\u30e9\u30f3\u3000\uffe54,200&emsp;<span class=\"wpcf7-form-control-wrap\" data-name=\"menu-754\"><select class=\"wpcf7-form-control wpcf7-select\" aria-invalid=\"false\" name=\"menu-754\"><option value=\"\">&#8212;\u4ee5\u4e0b\u304b\u3089\u9078\u629e\u3057\u3066\u304f\u3060\u3055\u3044&#8212;<\/option><option value=\"1\">1<\/option><option value=\"2\">2<\/option><option value=\"3\">3<\/option><option value=\"4\">4<\/option><option value=\"5\">5<\/option><option value=\"6\">6<\/option><option value=\"7\">7<\/option><option value=\"8\">8<\/option><option value=\"9\">9<\/option><option value=\"10\">10<\/option><\/select><\/span><br \/>\n\uff12\uff0e\u751f\u99d2\u9ad8\u539f\u3000\u30d4\u30ce\u30fb\u30ce\u30ef\u30fc\u30eb\u3000\uffe54,800&emsp;<span class=\"wpcf7-form-control-wrap\" data-name=\"menu-756\"><select class=\"wpcf7-form-control wpcf7-select\" aria-invalid=\"false\" name=\"menu-756\"><option value=\"\">&#8212;\u4ee5\u4e0b\u304b\u3089\u9078\u629e\u3057\u3066\u304f\u3060\u3055\u3044&#8212;<\/option><option value=\"1\">1<\/option><option value=\"2\">2<\/option><option value=\"3\">3<\/option><option value=\"4\">4<\/option><option value=\"5\">5<\/option><option value=\"6\">6<\/option><option value=\"7\">7<\/option><option value=\"8\">8<\/option><option value=\"9\">9<\/option><option value=\"10\">10<\/option><\/select><\/span><br \/>\n\uff13\uff0e\u751f\u99d2\u9ad8\u539f\u3000\u30b7\u30e3\u30eb\u30c9\u30cd\u3000\uffe53,800&emsp;<span class=\"wpcf7-form-control-wrap\" data-name=\"menu-755\"><select class=\"wpcf7-form-control wpcf7-select\" aria-invalid=\"false\" name=\"menu-755\"><option value=\"\">&#8212;\u4ee5\u4e0b\u304b\u3089\u9078\u629e\u3057\u3066\u304f\u3060\u3055\u3044&#8212;<\/option><option value=\"1\">1<\/option><option value=\"2\">2<\/option><option value=\"3\">3<\/option><option value=\"4\">4<\/option><option value=\"5\">5<\/option><option value=\"6\">6<\/option><option value=\"7\">7<\/option><option value=\"8\">8<\/option><option value=\"9\">9<\/option><option value=\"10\">10<\/option><\/select><\/span><br \/>\n\uff14\uff0e\u751f\u99d2\u9ad8\u539f\u3000\u30e1\u30eb\u30ed\u30fc\u3000\uffe54,200&emsp;<span class=\"wpcf7-form-control-wrap\" data-name=\"menu-757\"><select class=\"wpcf7-form-control wpcf7-select\" aria-invalid=\"false\" name=\"menu-757\"><option value=\"\">&#8212;\u4ee5\u4e0b\u304b\u3089\u9078\u629e\u3057\u3066\u304f\u3060\u3055\u3044&#8212;<\/option><option value=\"1\">1<\/option><option value=\"2\">2<\/option><option value=\"3\">3<\/option><option value=\"4\">4<\/option><option value=\"5\">5<\/option><option value=\"6\">6<\/option><option value=\"7\">7<\/option><option value=\"8\">8<\/option><option value=\"9\">9<\/option><option value=\"10\">10<\/option><\/select><\/span><br \/>\n\uff15\uff0e\u3093\u30fb\u30c0\u30e2\u30b7\u30bf\u30f3\u3000\u30de\u30b9\u30ab\u30c3\u30c8\u30d9\u30ea\u30fc\uff21\u8d64\u6a3d\u719f\u6210\u3000\uffe53,800&emsp;<span class=\"wpcf7-form-control-wrap\" data-name=\"menu-758\"><select class=\"wpcf7-form-control wpcf7-select\" aria-invalid=\"false\" name=\"menu-758\"><option value=\"\">&#8212;\u4ee5\u4e0b\u304b\u3089\u9078\u629e\u3057\u3066\u304f\u3060\u3055\u3044&#8212;<\/option><option value=\"1\">1<\/option><option value=\"2\">2<\/option><option value=\"3\">3<\/option><option value=\"4\">4<\/option><option value=\"5\">5<\/option><option value=\"6\">6<\/option><option value=\"7\">7<\/option><option value=\"8\">8<\/option><option value=\"9\">9<\/option><option value=\"10\">10<\/option><\/select><\/span><br \/>\n\uff16\uff0e\u3093\u30fb\u30c0\u30e2\u30b7\u30bf\u30f3\u3000\u30de\u30b9\u30ab\u30c3\u30c8\u30d9\u30ea\u30fc\uff21\u3000\uffe52,500&emsp;<span class=\"wpcf7-form-control-wrap\" data-name=\"menu-759\"><select class=\"wpcf7-form-control wpcf7-select\" aria-invalid=\"false\" name=\"menu-759\"><option value=\"\">&#8212;\u4ee5\u4e0b\u304b\u3089\u9078\u629e\u3057\u3066\u304f\u3060\u3055\u3044&#8212;<\/option><option value=\"1\">1<\/option><option value=\"2\">2<\/option><option value=\"3\">3<\/option><option value=\"4\">4<\/option><option value=\"5\">5<\/option><option value=\"6\">6<\/option><option value=\"7\">7<\/option><option value=\"8\">8<\/option><option value=\"9\">9<\/option><option value=\"10\">10<\/option><\/select><\/span><br \/>\n\uff17\uff0e\u3093\u30fb\u30c0\u30e2\u30b7\u30bf\u30f3\u3000\u30de\u30b9\u30ab\u30c3\u30c8\u30d9\u30ea\u30fc\uff21\u8d64\u30ed\u30bc\u3000\uffe52,500&emsp;<span class=\"wpcf7-form-control-wrap\" data-name=\"menu-760\"><select class=\"wpcf7-form-control wpcf7-select\" aria-invalid=\"false\" name=\"menu-760\"><option value=\"\">&#8212;\u4ee5\u4e0b\u304b\u3089\u9078\u629e\u3057\u3066\u304f\u3060\u3055\u3044&#8212;<\/option><option value=\"1\">1<\/option><option value=\"2\">2<\/option><option value=\"3\">3<\/option><option value=\"4\">4<\/option><option value=\"5\">5<\/option><option value=\"6\">6<\/option><option value=\"7\">7<\/option><option value=\"8\">8<\/option><option value=\"9\">9<\/option><option value=\"10\">10<\/option><\/select><\/span><br \/>\n\uff18\uff0e\u751f\u99d2\u9ad8\u539f\u98f2\u307f\u6bd4\u3079\u30bb\u30c3\u30c8\u3000\uffe512,000&emsp;<span class=\"wpcf7-form-control-wrap\" data-name=\"menu-761\"><select class=\"wpcf7-form-control wpcf7-select\" aria-invalid=\"false\" name=\"menu-761\"><option value=\"\">&#8212;\u4ee5\u4e0b\u304b\u3089\u9078\u629e\u3057\u3066\u304f\u3060\u3055\u3044&#8212;<\/option><option value=\"1\">1<\/option><option value=\"2\">2<\/option><option value=\"3\">3<\/option><option value=\"4\">4<\/option><option value=\"5\">5<\/option><option value=\"6\">6<\/option><option value=\"7\">7<\/option><option value=\"8\">8<\/option><option value=\"9\">9<\/option><option value=\"10\">10<\/option><\/select><\/span><br \/>\n\uff19\uff0e\u3093\u30fb\u30c0\u30e2\u30b7\u30bf\u30f3\u3000\u751f\u99d2\u9ad8\u539f\u30bb\u30c3\u30c8\u3000\uffe56,000&emsp;<span class=\"wpcf7-form-control-wrap\" data-name=\"menu-762\"><select class=\"wpcf7-form-control wpcf7-select\" aria-invalid=\"false\" name=\"menu-762\"><option value=\"\">&#8212;\u4ee5\u4e0b\u304b\u3089\u9078\u629e\u3057\u3066\u304f\u3060\u3055\u3044&#8212;<\/option><option value=\"1\">1<\/option><option value=\"2\">2<\/option><option value=\"3\">3<\/option><option value=\"4\">4<\/option><option value=\"5\">5<\/option><option value=\"6\">6<\/option><option value=\"7\">7<\/option><option value=\"8\">8<\/option><option value=\"9\">9<\/option><option value=\"10\">10<\/option><\/select><\/span><br \/>\n10\uff0e\u30de\u30b9\u30ab\u30c3\u30c8\u30d9\u30ea\u30fc\uff21\u8d64\u98f2\u307f\u6bd4\u3079\u30bb\u30c3\u30c8\u3000\uffe510,500&emsp;<span class=\"wpcf7-form-control-wrap\" data-name=\"menu-763\"><select class=\"wpcf7-form-control wpcf7-select\" aria-invalid=\"false\" name=\"menu-763\"><option value=\"\">&#8212;\u4ee5\u4e0b\u304b\u3089\u9078\u629e\u3057\u3066\u304f\u3060\u3055\u3044&#8212;<\/option><option value=\"1\">1<\/option><option value=\"2\">2<\/option><option value=\"3\">3<\/option><option value=\"4\">4<\/option><option value=\"5\">5<\/option><option value=\"6\">6<\/option><option value=\"7\">7<\/option><option value=\"8\">8<\/option><option value=\"9\">9<\/option><option value=\"10\">10<\/option><\/select><\/span><br \/>\n11\uff0e\u521d\u3081\u3066\u306e\u30ef\u30a4\u30f3\u30bb\u30c3\u30c8\u3000\uffe54,300&emsp;<span class=\"wpcf7-form-control-wrap\" data-name=\"menu-764\"><select class=\"wpcf7-form-control wpcf7-select\" aria-invalid=\"false\" name=\"menu-764\"><option value=\"\">&#8212;\u4ee5\u4e0b\u304b\u3089\u9078\u629e\u3057\u3066\u304f\u3060\u3055\u3044&#8212;<\/option><option value=\"1\">1<\/option><option value=\"2\">2<\/option><option value=\"3\">3<\/option><option value=\"4\">4<\/option><option value=\"5\">5<\/option><option value=\"6\">6<\/option><option value=\"7\">7<\/option><option value=\"8\">8<\/option><option value=\"9\">9<\/option><option value=\"10\">10<\/option><\/select><\/span><br \/>\n12\uff0e\u304a\u3046\u3061de\u30ef\u30a4\u30f3\u30bb\u30c3\u30c8\u3000\uffe54,500&emsp;<span class=\"wpcf7-form-control-wrap\" data-name=\"menu-765\"><select class=\"wpcf7-form-control wpcf7-select\" aria-invalid=\"false\" name=\"menu-765\"><option value=\"\">&#8212;\u4ee5\u4e0b\u304b\u3089\u9078\u629e\u3057\u3066\u304f\u3060\u3055\u3044&#8212;<\/option><option value=\"1\">1<\/option><option value=\"2\">2<\/option><option value=\"3\">3<\/option><option value=\"4\">4<\/option><option value=\"5\">5<\/option><option value=\"6\">6<\/option><option value=\"7\">7<\/option><option value=\"8\">8<\/option><option value=\"9\">9<\/option><option value=\"10\">10<\/option><\/select><\/span><br \/>\n13\uff0e\u5c0f\u6797\u30ef\u30a4\u30f3\u8d08\u308a\u7269\u30bb\u30c3\u30c8\u3000\uffe54,500&emsp;<span class=\"wpcf7-form-control-wrap\" data-name=\"menu-766\"><select class=\"wpcf7-form-control wpcf7-select\" aria-invalid=\"false\" name=\"menu-766\"><option value=\"\">&#8212;\u4ee5\u4e0b\u304b\u3089\u9078\u629e\u3057\u3066\u304f\u3060\u3055\u3044&#8212;<\/option><option value=\"1\">1<\/option><option value=\"2\">2<\/option><option value=\"3\">3<\/option><option value=\"4\">4<\/option><option value=\"5\">5<\/option><option value=\"6\">6<\/option><option value=\"7\">7<\/option><option value=\"8\">8<\/option><option value=\"9\">9<\/option><option value=\"10\">10<\/option><\/select><\/span>\n\t\t\t\t<\/p>\n\t\t\t<\/td>\n\t\t<\/tr>\n\t\t<tr>\n\t\t\t<th>\n\t\t\t\t<p>\u305d\u306e\u4ed6\u3054\u8981\u671b\n\t\t\t\t<\/p>\n\t\t\t<\/th>\n\t\t\t<td class=\"message-100\">\n\t\t\t\t<p><span class=\"wpcf7-form-control-wrap\" data-name=\"your-message\"><textarea cols=\"40\" rows=\"10\" maxlength=\"2000\" class=\"wpcf7-form-control wpcf7-textarea\" aria-invalid=\"false\" placeholder=\"\" name=\"your-message\"><\/textarea><\/span>\n\t\t\t\t<\/p>\n\t\t\t<\/td>\n\t\t<\/tr>\n\t<\/table>\n<\/div>\n<p>\u5185\u5bb9\u3092\u78ba\u8a8d\u3057\u307e\u3057\u3066\u3001\u9001\u6599\u3068\u5408\u8a08\u91d1\u984d\u3092\u30e1\u30fc\u30eb\u3044\u305f\u3057\u307e\u3059\u3002\n<\/p>\n<p class=\"CF7_btn\"><input class=\"wpcf7-form-control wpcf7-submit has-spinner\" type=\"submit\" value=\"\u9001\u4fe1\u3059\u308b\" \/>\n<\/p><div class=\"wpcf7-response-output\" aria-hidden=\"true\"><\/div>\n<\/form>\n<\/div>\n\n","protected":false},"excerpt":{"rendered":"<p>\u5546\u54c1\u306e\u3054\u8cfc\u5165\u3054\u5e0c\u671b\u306e\u65b9\u306f\u4ee5\u4e0b\u306e\u30d5\u30a9\u30fc\u30e0\u306b\u5165\u529b\u3057\u3066\u9001\u4fe1\u30dc\u30bf\u30f3\u3092\u62bc\u3057\u3066\u304f\u3060\u3055\u3044\u3002 \u5408\u8a08\u91d1\u984d\u3068\u632f\u8fbc\u5148\u3092\u8a18\u8f09<span class=\"more-link\"><a href=\"https:\/\/www.np-k.co.jp\/wine\/ordermail\/\">\u3082\u3063\u3068\u898b\u308b\u2192<\/a><\/span><\/p>\n","protected":false},"author":1,"featured_media":0,"parent":0,"menu_order":0,"comment_status":"closed","ping_status":"closed","template":"","meta":{"footnotes":""},"class_list":["entry","author-kikwine","post-2428","page","type-page","status-publish"],"aioseo_notices":[],"_links":{"self":[{"href":"https:\/\/www.np-k.co.jp\/wine\/wp-json\/wp\/v2\/pages\/2428","targetHints":{"allow":["GET"]}}],"collection":[{"href":"https:\/\/www.np-k.co.jp\/wine\/wp-json\/wp\/v2\/pages"}],"about":[{"href":"https:\/\/www.np-k.co.jp\/wine\/wp-json\/wp\/v2\/types\/page"}],"author":[{"embeddable":true,"href":"https:\/\/www.np-k.co.jp\/wine\/wp-json\/wp\/v2\/users\/1"}],"replies":[{"embeddable":true,"href":"https:\/\/www.np-k.co.jp\/wine\/wp-json\/wp\/v2\/comments?post=2428"}],"version-history":[{"count":7,"href":"https:\/\/www.np-k.co.jp\/wine\/wp-json\/wp\/v2\/pages\/2428\/revisions"}],"predecessor-version":[{"id":6553,"href":"https:\/\/www.np-k.co.jp\/wine\/wp-json\/wp\/v2\/pages\/2428\/revisions\/6553"}],"wp:attachment":[{"href":"https:\/\/www.np-k.co.jp\/wine\/wp-json\/wp\/v2\/media?parent=2428"}],"curies":[{"name":"wp","href":"https:\/\/api.w.org\/{rel}","templated":true}]}}